{"id":3417,"date":"2025-12-03T11:18:02","date_gmt":"2025-12-03T11:18:02","guid":{"rendered":"https:\/\/iqfintech.ee\/?page_id=3417"},"modified":"2025-12-04T12:31:21","modified_gmt":"2025-12-04T12:31:21","slug":"flippimislaen","status":"publish","type":"page","link":"https:\/\/iqfintech.ee\/en\/loans\/flippimislaen\/","title":{"rendered":"Flippimislaen"},"content":{"rendered":"<div class=\"b-b b-b--has-image pt4 pb5 bg-light\"><div class=\"b-b__bg\"><img decoding=\"async\" src=\"https:\/\/iqfintech.ee\/wp-content\/uploads\/2021\/08\/hbg.svg\" class=\"b-b__bg-img fill-bg\" alt=\"\" draggable=\"false\" style=\"opacity:1\" \/><\/div><div class=\"b-p p-txtmedia p-txtmedia--reverse p-txtmedia--rounded container\"><div class=\"p-txtmedia__media\"><img loading=\"lazy\" decoding=\"async\" width=\"470\" height=\"470\" src=\"https:\/\/iqfintech.ee\/wp-content\/uploads\/fly-images\/3422\/3c386807-e2c6-478b-8cef-649e5c1dbb22-470x470-c.jpeg\" class=\"p-txtmedia__img--rounded\" alt=\"3C386807-E2C6-478B-8CEF-649E5C1DBB22\" draggable=\"false\" \/><\/div><div class=\"p-txtmedia__content\"><div class=\"editor-content\"><h1>Flippimislaen<\/h1>\n<h2>Flippimislaen on paindlik finantseerimine kinnisvara ostuks, renoveerimiseks ja m\u00fc\u00fcgiks<\/h2>\n<p><strong>Flippimislaen<\/strong> on kiire ja paindlik laenulahendus ettev\u00f5tjatele, kes tegelevad kinnisvara ostu, renoveerimise ja edasim\u00fc\u00fcgiga. Kui sinu eesm\u00e4rk on osta objekt, t\u00f5sta selle v\u00e4\u00e4rtust ja teenida kasumlikult, on IQ FinTech O\u00dc flippimislaen loodud just selleks.<\/p>\n<p>Meie laen sobib nii v\u00e4iksemate kui suuremate projektide jaoks, nt korterid, majad, ridaelamud, \u00e4ripinnad. Hindame projekte kiiresti ning otsused teeme l\u00e4htudes objekti potentsiaalist ja sinu kogemusest flippimise valdkonnas.<\/p>\n<\/div><a  class=\"p-txtmedia__button btn btn-secondary\" href=\"https:\/\/iqfintech.ee\/taotlus\/\" >Taotle laenu<\/a><\/div><\/div><\/div><div class=\"b-b pt8 pb5\"><h2 class=\"b-p p-title container text-center\"><span class=\"p-title__inner\">Taotlemise sammud<\/span><\/h2><div class=\"b-p p-cols container\"><div class=\"p-cols__row row\"><div class=\"p-cols__col col editor-content\"><ul>\n<li>Kogenud meeskond ja kiire menetlus<\/li>\n<\/ul>\n<p>Flippimisprojektid liiguvad kiire tempoga \u2013 ja sama tempoga liigume meie.<\/p>\n<p>T\u00f6\u00f6tame flippijatega iga p\u00e4ev ning teame, kui oluline on kiire otsus, selged tingimused ja raha, mis liigub \u00f5igel hetkel, et projekt ei j\u00e4\u00e4ks seisma.<\/p>\n<p>Meie menetlus on kiire, sujuv ja praktiline, sest hindame objekti potentsiaali ja sinu plaani.<\/p>\n<p>P\u00fcsiklientidel k\u00e4ib k\u00f5ik veelgi kiiremini: tingimused on eelnevalt kokku lepitud, suhtlus on lihtne ning otsus valmib juba samal p\u00e4eval.<\/p>\n<ul>\n<li>Paindlikud tingimused<\/li>\n<\/ul>\n<p>Meie finantseerimislahendus on \u00fcles ehitatud nii, et see toetaks sinu flip\u2019i projekti algusest l\u00f5puni. Pakume paindlikku ja projektip\u00f5hist finantseerimist, mis sobib ideaalselt kinnisvara ostu\u2013renoveerimise\u2013m\u00fc\u00fcgi ts\u00fckliga.<\/p>\n<p><strong>Bullet-graafik<\/strong>: Flippimise ajal ei pea sa maksma p\u00f5hiosa \u2013 kogu p\u00f5hiosa tagastatakse korraga objekti m\u00fc\u00fcmisel. Projekti jooksul maksad ainult intresse, mis hoiab kulud kontrolli all ja likviidsuse tugevana.<\/p>\n<p><strong>M\u00fc\u00fcgihetk = tagastamise hetk<\/strong>. Me teame, et objekti m\u00fc\u00fck s\u00f5ltub turust ja \u00f5igest ajast. Seet\u00f5ttu ei ole meil etteteatamist\u00e4htaega \u2013 saad laenu tagastada just sel p\u00e4eval, kui tehing toimub.<\/p>\n<p><strong>Tasu ennet\u00e4htaegse tagastamise eest me ei rakenda<\/strong>, mis teeb kogu protsessi soodsamaks. K\u00fcll aga tuleb arvestada, et lepingu minimaalne periood on 3 kuud.<\/p>\n<p><strong>M\u00f5istlikud lepingukulud<\/strong>. Lepingutasu on max kuni 1%, s\u00f5ltuvalt projekti keerukusest ja mahust.<\/p>\n<\/div><\/div><\/div><div class=\"b-p p-btn p-btn--center container\"><a  class=\"p-btn__item btn btn-primary\" href=\"https:\/\/iqfintech.ee\/taotlus\/\" >Taotle laenu<\/a><a  class=\"p-btn__item btn btn-secondary\" href=\"https:\/\/iqfintech.ee\/kontakt\/\" >K\u00fcsi pakkumist<\/a><\/div><h2 class=\"b-p p-title container text-center\"><span class=\"p-title__inner\">Kuidas taotleda flippimislaenu?<\/span><\/h2><div class=\"b-p p-cols container\"><div class=\"p-cols__row row\"><div class=\"p-cols__col col editor-content\"><ol>\n<li>Saada objekti aadress v\u00f5i m\u00fc\u00fcgikuulutuse link, ostuhind ja soovitud laenusumma.<\/li>\n<li>Hindame objekti ja teeme esmase pakkumise.<\/li>\n<li>Allkirjastame laenulepingu.<\/li>\n<li>Kanname raha notari deposiitkontole ja seame h\u00fcpoteegi.<\/li>\n<\/ol>\n<p>Kui soovid alustada uut projekti v\u00f5i kasvatada oma flippimis\u00e4ri, siis IQ FinTech flippimislaen annab sulle vajaliku konkurentsieelise.<\/p>\n<\/div><\/div><\/div><\/div><div class=\"b-b pt5 pb5\"><div class=\"b-p p-solutions\"><div class=\"p-solutions__content container\"><h3 class=\"p-solutions__title\">Tingimused<\/h3><h3 class=\"p-solutions__title\"><\/h3><dl><dt><strong class=\"c-hl\">Kellele<\/strong><\/dt><dd>Eestis registreeritud \u00e4ri\u00fching<\/dd><dt><strong class=\"c-hl\">Laenusumma<\/strong><\/dt><dd>alates 25 000 \u20ac kuni 500 000 \u20ac<\/dd><dt><strong class=\"c-hl\">Intressim\u00e4\u00e4r<\/strong><\/dt><dd>fikseeritud 10% (ilma Euriborita)<\/dd><dt><strong class=\"c-hl\">T\u00e4htaeg<\/strong><\/dt><dd>v\u00e4hemalt 3 kuud ja kuni 18 kuud<\/dd><dt><strong class=\"c-hl\">Lepingutasu<\/strong><\/dt><dd>kuni 1% laenusummast<\/dd><dt><strong class=\"c-hl\">Tagatis<\/strong><\/dt><dd><ul><li>H\u00fcpoteek kinnisvarale<\/li><li>Eraisiku k\u00e4endus ja\/v\u00f5i juriidilise isiku garantii<\/li><\/ul><\/dd><dt><strong class=\"c-hl\">Tagatisvara<\/strong><\/dt><dd>Tallinnas, Tartus v\u00f5i Harjumaal asuvad korterid, majad, ridaelamud ja v\u00e4ike\u00e4ripinnad<\/dd><dt><strong class=\"c-hl\">V\u00e4ljamakse<\/strong><\/dt><dd>notari deposiitkontole kohe objekti ostmisel<\/dd><dt><strong class=\"c-hl\">Kindlustus<\/strong><\/dt><dd>ostetav kinnisvara peab olema kindlustatud<\/dd><dt><strong class=\"c-hl\">Ennet\u00e4htaegse tagastamise tasu<\/strong><\/dt><dd>puudub (arvestada tuleb minimaalse 3-kuulise perioodiga)<\/dd><\/dl><\/div><\/div><div class=\"b-p p-btn p-btn--center container\"><a  class=\"p-btn__item btn btn-primary\" href=\"https:\/\/iqfintech.ee\/taotlus\/\" >Taotle laenu<\/a><a  class=\"p-btn__item btn btn-secondary\" href=\"https:\/\/iqfintech.ee\/kontakt\/\" >V\u00f5ta \u00fchendust<\/a><\/div><\/div>","protected":false},"excerpt":{"rendered":"","protected":false},"author":1,"featured_media":0,"parent":2063,"menu_order":30,"comment_status":"closed","ping_status":"closed","template":"","meta":{"_acf_changed":false,"footnotes":""},"class_list":["post-3417","page","type-page","status-publish","hentry"],"acf":[],"_links":{"self":[{"href":"https:\/\/iqfintech.ee\/en\/wp-json\/wp\/v2\/pages\/3417","targetHints":{"allow":["GET"]}}],"collection":[{"href":"https:\/\/iqfintech.ee\/en\/wp-json\/wp\/v2\/pages"}],"about":[{"href":"https:\/\/iqfintech.ee\/en\/wp-json\/wp\/v2\/types\/page"}],"author":[{"embeddable":true,"href":"https:\/\/iqfintech.ee\/en\/wp-json\/wp\/v2\/users\/1"}],"replies":[{"embeddable":true,"href":"https:\/\/iqfintech.ee\/en\/wp-json\/wp\/v2\/comments?post=3417"}],"version-history":[{"count":3,"href":"https:\/\/iqfintech.ee\/en\/wp-json\/wp\/v2\/pages\/3417\/revisions"}],"predecessor-version":[{"id":3467,"href":"https:\/\/iqfintech.ee\/en\/wp-json\/wp\/v2\/pages\/3417\/revisions\/3467"}],"up":[{"embeddable":true,"href":"https:\/\/iqfintech.ee\/en\/wp-json\/wp\/v2\/pages\/2063"}],"wp:attachment":[{"href":"https:\/\/iqfintech.ee\/en\/wp-json\/wp\/v2\/media?parent=3417"}],"curies":[{"name":"wp","href":"https:\/\/api.w.org\/{rel}","templated":true}]}}