{"id":412,"date":"2021-08-02T06:39:08","date_gmt":"2021-08-02T06:39:08","guid":{"rendered":"https:\/\/iqfintech.ee\/?page_id=412"},"modified":"2021-11-10T11:59:22","modified_gmt":"2021-11-10T11:59:22","slug":"andmekaitsetingimused","status":"publish","type":"page","link":"https:\/\/iqfintech.ee\/ru\/andmekaitsetingimused\/","title":{"rendered":"K\u00fcpsiste kasutamise tingimused"},"content":{"rendered":"\n<p class=\"wp-el\">Kehtivad alates 01.09.2021<\/p>\n\n\n\n<h2 class=\"wp-el wp-block-heading\">1. MIS ON K\u00dcPSIS?<\/h2>\n\n\n\n<p class=\"wp-el\"><strong>K\u00fcpsised<\/strong> (eng <em>cookies<\/em>) on v\u00e4ikesed tekstifailid, mis paigaldatakse kasutaja arvutisse veebilehtedelt, mida kasutaja k\u00fclastab, kui kasutaja ei ole k\u00f5igi v\u00f5i osade k\u00fcpsiste paigaldamist oma veebilehitseja s\u00e4tetes keelanud. K\u00fcpsised saadavad veebilehele teavet, mille alusel saab tunda \u00e4ra k\u00fclastaja arvuti seadeid ja eelistusi.<\/p>\n\n\n\n<p class=\"wp-el\">K\u00fcpsised, mida meie kasutame, v\u00f5ivad toimida \u00fche seansi v\u00e4ltel v\u00f5i p\u00fcsivalt:<\/p>\n\n\n\n<p class=\"wp-el\">1.1. <strong>sessioonip\u00f5hised k\u00fcpsised<\/strong> (eng <em>session cookie<\/em>) \u2013 v\u00f5imaldavad \u00fchendada kasutaja tegevusi \u00fche ja sama veebilehitseja sirvimissessiooni jooksul ajutiselt, s.o veebilehitseja akna avamisest kuni selle sulgemiseni v\u00f5i kuni 4 tunni m\u00f6\u00f6dumiseni p\u00e4rast viimast lehevaatamist;<\/p>\n\n\n\n<p class=\"wp-el\">1.2. <strong>p\u00fcsivad k\u00fcpsised<\/strong> (eng <em>permanent cookie<\/em>) \u2013 salvestatakse kasutaja seadmele p\u00fcsivalt k\u00fcpsises m\u00e4\u00e4ratletud ajaks ning aktiveeritakse iga kord, kui kasutaja k\u00fclastab veebilehte, millelt k\u00fcpsis paigaldati.<\/p>\n\n\n\n<h2 class=\"wp-el wp-block-heading\">2. MIKS ME K\u00dcPSISEID KASUTAME?<\/h2>\n\n\n\n<p class=\"wp-el\">K\u00fcpsiseid on vaja selleks, et saaksime saada teavet, kuidas kasutajad meie kodulehe kasutavad ja teha neile pakutavad teenused paremaks. K\u00fcpsiseid kasutatakse ka isikup\u00e4rastatud teabe jaoks meie toodete ja teenuste kohta.<\/p>\n\n\n\n<h2 class=\"wp-el wp-block-heading\">3. MILLISEID K\u00dcPSISEID ME KASUTAME?<\/h2>\n\n\n\n<p class=\"wp-el\">3.1. <strong>Kohustuslikud<\/strong> &#8212; k\u00fcpsised, mis on vajalikud veebilehe korrektseks toimimiseks. Need v\u00f5imaldavad kasutajal kasutada veebilehe teatud funktsioone, n\u00e4iteks turvalise \u00fchenduse loomiseks veebilehe iseteenindusega. Ilma nende k\u00fcpsisteta ei t\u00f6\u00f6ta veebileht korralikult. Kuna neid k\u00fcpsiseid on vaja teenuste turvaliseks pakkumiseks, ei ole kasutajal v\u00f5imalik neist keelduda.<\/p>\n\n\n\n<p class=\"wp-el\">3.2. <strong>Funktsionaalsed k\u00fcpsised <\/strong>&#8212; need k\u00fcpsised v\u00f5imaldavad meil salvestada teavet, mis muudavad seda, kuidas ja mida veebilehel kuvatakse ning kuidas see toimib.<\/p>\n\n\n\n<p class=\"wp-el\">3.3. <strong>Statistikak\u00fcpsised<\/strong>&nbsp;&#8212; need k\u00fcpsised aitavad meil m\u00f5ista, kuidas konkreetne k\u00fclastaja veebilehte kasutab. Nii n\u00e4eme, kui palju inimesi kindlal ajavahemikul lehte k\u00fclastab, kuidas veebilehtedel liigutakse ja millele klikitakse. Statistikak\u00fcpsised annavad meile infot, mille p\u00f5hjal parendada kliendikogemust.<\/p>\n\n\n\n<p class=\"wp-el\">3.4. <strong>Reklaamik\u00fcpsised <\/strong>&#8212; nende k\u00fcpsiste abil rakendatakse teavet veebilehe kasutamise kohta Sinu jaoks huvipakkuva reklaami v\u00f5i muu sihip\u00e4rase teabe edastamiseks.<\/p>\n\n\n\n<p class=\"wp-el\">Kasutame ka&nbsp;<strong>kolmandate isikute<\/strong>&nbsp;(Google Analytics ja Facebook)&nbsp;<strong>k\u00fcpsiseid.<\/strong><\/p>\n\n\n\n<h2 class=\"wp-el wp-block-heading\">4. KUIDAS KEELATA K\u00dcPSISEID OMA VEEBILEHITSEJAS?<\/h2>\n\n\n\n<p class=\"wp-el\">Kui Te soovite k\u00fcpsiste kasutamise keelata, muuda oma veebilehitsejas selle kohta antud n\u00f5usolekuid.<\/p>\n\n\n\n<p class=\"wp-el\">Lisateavet k\u00fcpsiste blokeerimise kohta saad veebiaadressilt <a href=\"http:\/\/www.aboutcookies.org\/\" target=\"_blank\" rel=\"noopener\">www.aboutcookies.org<\/a>.<\/p>\n\n\n\n<h2 class=\"wp-el wp-block-heading\">5. K\u00dcPSISTE N\u00d5USOLEKU MUUTMINE V\u00d5I T\u00dcHISTAMINE<\/h2>\n\n\n\n<p class=\"wp-el\">Teil on v\u00f5imalik igal ajal muuta, milliseid k\u00fcpsiseid lubate meil kasutada. Kui soovite k\u00fcpsiseid blokeerida v\u00f5i kustutada, peaksite seda tegema igas seadmes ja\/v\u00f5i veebisirvijas eraldi. Infot selle kohta, kuidas seda k\u00fcpsiste ja turvaseadete osas h\u00e4\u00e4lestada leiate vastava veebisirvija abimaterjalidest.<\/p>\n\n\n\n<p class=\"wp-el\">Kodulehe toimimiseks vajalikest k\u00fcpsistest loobuda v\u00f5imalik ei ole.<\/p>\n\n\n\n<p class=\"wp-el\">Meie v\u00f5ime muuta k\u00fcpsiste kasutamise tingimusi ilma kasutaja eelneva n\u00f5usolekuta, avaldades muudetud k\u00fcpsiste kasutamise tingimused meie kodulehel. Muudetud k\u00fcpsiste kasutamise tingimused hakkavad kehtima alates nende avaldamisest meie kodulehel.<\/p>\n","protected":false},"excerpt":{"rendered":"<p>Kehtivad alates 01.09.2021 1. MIS ON K\u00dcPSIS? K\u00fcpsised (eng cookies) on v\u00e4ikesed tekstifailid, mis paigaldatakse kasutaja arvutisse veebilehtedelt, mida kasutaja k\u00fclastab, kui kasutaja ei ole k\u00f5igi v\u00f5i osade k\u00fcpsiste\u2026<\/p>\n","protected":false},"author":1,"featured_media":0,"parent":0,"menu_order":0,"comment_status":"closed","ping_status":"closed","template":"","meta":{"_acf_changed":false,"footnotes":""},"class_list":["post-412","page","type-page","status-publish","hentry"],"acf":[],"_links":{"self":[{"href":"https:\/\/iqfintech.ee\/ru\/wp-json\/wp\/v2\/pages\/412","targetHints":{"allow":["GET"]}}],"collection":[{"href":"https:\/\/iqfintech.ee\/ru\/wp-json\/wp\/v2\/pages"}],"about":[{"href":"https:\/\/iqfintech.ee\/ru\/wp-json\/wp\/v2\/types\/page"}],"author":[{"embeddable":true,"href":"https:\/\/iqfintech.ee\/ru\/wp-json\/wp\/v2\/users\/1"}],"replies":[{"embeddable":true,"href":"https:\/\/iqfintech.ee\/ru\/wp-json\/wp\/v2\/comments?post=412"}],"version-history":[{"count":8,"href":"https:\/\/iqfintech.ee\/ru\/wp-json\/wp\/v2\/pages\/412\/revisions"}],"predecessor-version":[{"id":1606,"href":"https:\/\/iqfintech.ee\/ru\/wp-json\/wp\/v2\/pages\/412\/revisions\/1606"}],"wp:attachment":[{"href":"https:\/\/iqfintech.ee\/ru\/wp-json\/wp\/v2\/media?parent=412"}],"curies":[{"name":"wp","href":"https:\/\/api.w.org\/{rel}","templated":true}]}}